{"id":120,"date":"2015-11-09T16:39:40","date_gmt":"2015-11-09T16:39:40","guid":{"rendered":"http:\/\/reframe.sussex.ac.uk\/repsychoanalysis\/?page_id=120"},"modified":"2015-11-09T16:39:40","modified_gmt":"2015-11-09T16:39:40","slug":"andrew-asibong","status":"publish","type":"page","link":"https:\/\/reframe.sussex.ac.uk\/repsychoanalysis\/about\/andrew-asibong\/","title":{"rendered":"Andrew Asibong"},"content":{"rendered":"<p><span style=\"font-size: small;\">Dr Andrew Asibong is\u00a0<\/span><span style=\"font-size: small;\">Reader in Film and Cultural Studies at\u00a0<\/span><span style=\"font-size: small;\">Birkbeck, University of London<\/span><span style=\"font-size: small;\"><br \/>\n<\/span><span style=\"font-size: small;\"><br \/>\nMy research is concerned with the emotional and political metamorphoses of the relational self, via engagement with film and the moving image (although I have also published widely on [mainly French] literature). I am especially interested in blankness and splitting as responses to trauma, and draw on pseudo-fantastical or &#8216;weird&#8217; cinema, psychoanalytic theory and practice, and the politics of class, \u2018race\u2019, gender and stigma in my attempt to build a dynamic theory and practice of integrated psychosocial transformation. I am currently editing a special issue of the <em>Journal of Psychosocial Studies<\/em>, based on a symposium I recently organised entitled &#8216;Sanity, Madness and the Family: An Urgent Retrospective&#8217;. (The audio podcast is available to listen to below.) I am in the early stages of a book project at the intersection of film studies, psychoanalysis and community action, provisionally entitled Something to Watch Over Me: Trauma, Aliveness and the Half-Moving Image. Other current projects include a video-essay on internal objects (using Cronenberg) and another video-essay on dissociation (using Sissy Spacek). I currently convene the Birkbeck Psychoanalysis Working Group (BISR) and am a Co-Editor of the journal <em>Studies in Gender and Sexuality<\/em>. I am also a member of the Editorial Board of the journal <em>Studies in French Cinema<\/em>.<\/span><span style=\"font-size: small;\"><br \/>\n<\/span><span style=\"font-size: small;\"><br \/>\n<em>Recent psychoanalytically-inflected publications:<\/em><\/span><span style=\"font-size: small;\"><br \/>\n<\/span><span style=\"font-size: small;\"><br \/>\nMonograph:<\/span><span style=\"font-size: small;\"><br \/>\n<\/span><span style=\"font-size: small;\"><br \/>\n<em>Marie NDiaye: Blankness and Recognition<\/em> (Liverpool: Liverpool University Press, 2013)<\/span><span style=\"font-size: small;\"><br \/>\n<\/span><span style=\"font-size: small;\"><br \/>\nArticles:<\/span><span style=\"font-size: small;\"><br \/>\n<\/span><span style=\"font-size: small;\"><br \/>\n&#8216;&#8221;Then look!&#8221;: un-born attachments and the half-moving image&#8217;, <em>Studies in Gender and Sexuality<\/em> (16:2), 2015.<\/span><span style=\"font-size: small;\"><br \/>\n\u2018Terreur ou th\u00e9rapie? Arnaud Desplechin et les m\u00e9tamorphoses de la lettre br\u00fblante\u2019 in <em>Risques et regrets: les dangers de la lettre<\/em> (eds. Margot Irvine, Genevi\u00e8ve De Viveiros et Karin Schwerdtner, Quebec: Nota Bene, 2015)<\/span><span style=\"font-size: small;\"><br \/>\n\u2018(Not) seeing things: Marie NDiaye, negative hallucination and \u201cblank\u201d m\u00e9tissage\u2019 in <em>Women\u2019s Writing in Twenty-First-century France<\/em> (eds. Amaleena Daml\u00e9 and Gill Rye, University of Wales Press, 2013).<\/span><span style=\"font-size: small;\"><br \/>\n\u2018Marie NDiaye, the half-self and the white \u201cdead\u201d mother\u2019 (c. 9000 words), in The Postcolonial Human, special issue of International Journal of <em>Francophone Studies<\/em> (ed. Jane Hiddleston, 2013).<\/span><span style=\"font-size: small;\"><br \/>\n<\/span><span style=\"font-size: small;\"><br \/>\nPodcast:<\/span><span style=\"font-size: small;\"><br \/>\n<\/span><span style=\"font-size: small;\"><br \/>\n<\/span><a href=\"https:\/\/exchange.sussex.ac.uk\/owa\/redir.aspx?SURL=ec63mZx-WkERzarLEBZud-7N0ZEevWCptFM6pVRL0nTK7a-sI-nSCGgAdAB0AHAAOgAvAC8AYgBhAGMAawBkAG8AbwByAGIAcgBvAGEAZABjAGEAcwB0AGkAbgBnAC4AbgBlAHQALwAyADAAMQA1AC8AMAA0AC8AcwBhAG4AaQB0AHkALQBtAGEAZABuAGUAcwBzAC0AYQBuAGQALQB0AGgAZQAtAGYAYQBtAGkAbAB5AC0AZgBhAG0AaQBsAHkALQBsAGkAZgBlAC0AYQBuAC0AdQByAGcAZQBuAHQALQByAGUAdAByAG8AcwBwAGUAYwB0AGkAdgBlAC8A&amp;URL=http%3a%2f%2fbackdoorbroadcasting.net%2f2015%2f04%2fsanity-madness-and-the-family-family-life-an-urgent-retrospective%2f\" target=\"_blank\"><span style=\"font-size: small;\">http:\/\/backdoorbroadcasting.net\/2015\/04\/sanity-madness-and-the-family-family-life-an-urgent-retrospective\/<\/span><\/a><span style=\"font-size: small;\"><br \/>\n<\/span><span style=\"font-size: small;\"><br \/>\nBlog post:<\/span><span style=\"font-size: small;\"><br \/>\n<\/span><span style=\"font-size: small;\"><br \/>\n<\/span><a href=\"https:\/\/exchange.sussex.ac.uk\/owa\/redir.aspx?SURL=jddJHwMXLuSx-_9y_31VIGTv-zbUjsQgnwp9ICx2wsnK7a-sI-nSCGgAdAB0AHAAcwA6AC8ALwBwAHMAeQBjAGgAbwBhAG4AYQBsAHkAdABpAGMAZABpAGEAbABvAGcAdQBlAHMAYgBsAG8AZwAuAHcAbwByAGQAcAByAGUAcwBzAC4AYwBvAG0ALwAyADAAMQA1AC8AMAA3AC8AMwAwAC8AYgB5AC0AYQBuAGQAcgBlAHcALQBhAHMAaQBiAG8AbgBnAC0ANABzAHQALQA3AGwAYgAvAA..&amp;URL=https%3a%2f%2fpsychoanalyticdialoguesblog.wordpress.com%2f2015%2f07%2f30%2fby-andrew-asibong-4st-7lb%2f\" target=\"_blank\"><span style=\"font-size: small;\">https:\/\/psychoanalyticdialoguesblog.wordpress.com\/2015\/07\/30\/by-andrew-asibong-4st-7lb\/<\/span><\/a><\/p>\n","protected":false},"excerpt":{"rendered":"<p>Dr Andrew Asibong is\u00a0Reader in Film and Cultural Studies at\u00a0Birkbeck, University of London My research is concerned with the emotional [&hellip;]<\/p>\n","protected":false},"author":1,"featured_media":0,"parent":14,"menu_order":0,"comment_status":"closed","ping_status":"closed","template":"","meta":{"jetpack_post_was_ever_published":false,"footnotes":""},"class_list":["post-120","page","type-page","status-publish","hentry"],"jetpack_sharing_enabled":true,"jetpack_shortlink":"https:\/\/wp.me\/P6N9Wu-1W","_links":{"self":[{"href":"https:\/\/reframe.sussex.ac.uk\/repsychoanalysis\/wp-json\/wp\/v2\/pages\/120","targetHints":{"allow":["GET"]}}],"collection":[{"href":"https:\/\/reframe.sussex.ac.uk\/repsychoanalysis\/wp-json\/wp\/v2\/pages"}],"about":[{"href":"https:\/\/reframe.sussex.ac.uk\/repsychoanalysis\/wp-json\/wp\/v2\/types\/page"}],"author":[{"embeddable":true,"href":"https:\/\/reframe.sussex.ac.uk\/repsychoanalysis\/wp-json\/wp\/v2\/users\/1"}],"replies":[{"embeddable":true,"href":"https:\/\/reframe.sussex.ac.uk\/repsychoanalysis\/wp-json\/wp\/v2\/comments?post=120"}],"version-history":[{"count":1,"href":"https:\/\/reframe.sussex.ac.uk\/repsychoanalysis\/wp-json\/wp\/v2\/pages\/120\/revisions"}],"predecessor-version":[{"id":121,"href":"https:\/\/reframe.sussex.ac.uk\/repsychoanalysis\/wp-json\/wp\/v2\/pages\/120\/revisions\/121"}],"up":[{"embeddable":true,"href":"https:\/\/reframe.sussex.ac.uk\/repsychoanalysis\/wp-json\/wp\/v2\/pages\/14"}],"wp:attachment":[{"href":"https:\/\/reframe.sussex.ac.uk\/repsychoanalysis\/wp-json\/wp\/v2\/media?parent=120"}],"curies":[{"name":"wp","href":"https:\/\/api.w.org\/{rel}","templated":true}]}}